{"id":395,"date":"2026-02-06T14:38:36","date_gmt":"2026-02-06T13:38:36","guid":{"rendered":"https:\/\/ra-roemer.de\/?page_id=395"},"modified":"2026-04-10T14:55:00","modified_gmt":"2026-04-10T12:55:00","slug":"pfaendungsrechner","status":"publish","type":"page","link":"https:\/\/ra-roemer.de\/pfaendungsrechner\/","title":{"rendered":"Pf\u00e4ndungsrechner"},"content":{"rendered":"\t\t<div data-elementor-type=\"wp-page\" data-elementor-id=\"395\" class=\"elementor elementor-395\">\n\t\t\t\t<div class=\"elementor-element elementor-element-cdc9c1a e-flex e-con-boxed e-con e-parent\" data-id=\"cdc9c1a\" data-element_type=\"container\" data-e-type=\"container\">\n\t\t\t\t\t<div class=\"e-con-inner\">\n\t\t\t\t<div class=\"elementor-element elementor-element-dbe0288 elementor-widget elementor-widget-heading\" data-id=\"dbe0288\" data-element_type=\"widget\" data-e-type=\"widget\" data-widget_type=\"heading.default\">\n\t\t\t\t\t<h2 class=\"elementor-heading-title elementor-size-default\">Pf\u00e4ndungsrechner<\/h2>\t\t\t\t<\/div>\n\t\t\t\t\t<\/div>\n\t\t\t\t<\/div>\n\t\t<div class=\"elementor-element elementor-element-99a4f60 e-flex e-con-boxed e-con e-parent\" data-id=\"99a4f60\" data-element_type=\"container\" data-e-type=\"container\">\n\t\t\t\t\t<div class=\"e-con-inner\">\n\t\t\t\t<div class=\"elementor-element elementor-element-82e6ba4 elementor-widget elementor-widget-text-editor\" data-id=\"82e6ba4\" data-element_type=\"widget\" data-e-type=\"widget\" data-settings=\"{&quot;_animation&quot;:&quot;none&quot;}\" data-widget_type=\"text-editor.default\">\n\t\t\t\t\t\t\t\t\t<p>Der seit 2013 auf der Homepage der nun beendeten Rechtsanwalts-Partnergesellschaft &#8222;<a href=\"https:\/\/www.rae-roemer.de\/\" target=\"_blank\" rel=\"noopener\">R\u00f6mer &amp; Partner<\/a>&#8220; ver\u00f6ffentlichte Pf\u00e4ndungsrechner mit Zwischenwerten bei teilweise anerkannten Unterhaltspflichten wird hier weitergef\u00fchrt. Die Benutzeroberfl\u00e4che wurde etwas \u00fcberarbeitet.<\/p>\t\t\t\t\t\t\t\t<\/div>\n\t\t\t\t\t<\/div>\n\t\t\t\t<\/div>\n\t\t<div class=\"elementor-element elementor-element-f691c70 e-flex e-con-boxed e-con e-parent\" data-id=\"f691c70\" data-element_type=\"container\" data-e-type=\"container\">\n\t\t\t\t\t<div class=\"e-con-inner\">\n\t\t\t\t<div class=\"elementor-element elementor-element-aae9b7e elementor-invisible elementor-widget elementor-widget-text-editor\" data-id=\"aae9b7e\" data-element_type=\"widget\" data-e-type=\"widget\" data-settings=\"{&quot;_animation&quot;:&quot;fadeInLeft&quot;}\" data-widget_type=\"text-editor.default\">\n\t\t\t\t\t\t\t\t\tBitte lesen Sie vor der Verwendung des Pf\u00e4ndungsrechners die\n<div style=\"text-align: center; margin: 10px 0;\"><form style=\"display: inline-block;\" action=\"https:\/\/ra-roemer.de\/index.php\/einleitung\/\"><button type=\"submit\">Einleitung<\/button><\/form><\/div>\nDie hier angewandte Berechnung von <strong>Tabellenzwischenwerten<\/strong> bei teilweiser Ber\u00fccksichtigung von Unterhaltspflichten ist gerichtlich anerkannt und \u00fcbliche Praxis. Sie k\u00f6nnen den\n\t\t\t\t\t\t\t\t<\/div>\n\t\t\t\t\t<\/div>\n\t\t\t\t<\/div>\n\t\t<div class=\"elementor-element elementor-element-ab5f86a e-flex e-con-boxed e-con e-parent\" data-id=\"ab5f86a\" data-element_type=\"container\" data-e-type=\"container\">\n\t\t\t\t\t<div class=\"e-con-inner\">\n\t\t\t\t<div class=\"elementor-element elementor-element-048e175 elementor-invisible elementor-widget elementor-widget-text-editor\" data-id=\"048e175\" data-element_type=\"widget\" data-e-type=\"widget\" data-settings=\"{&quot;_animation&quot;:&quot;fadeInRight&quot;}\" data-widget_type=\"text-editor.default\">\n\t\t\t\t\t\t\t\t\t<div style=\"text-align: center; margin: 10px 0;\"><form action=\"https:\/\/ra-roemer.de\/index.php\/rechner\/\"><button type=\"submit\">Pf\u00e4ndungsrechner<\/button><\/form><\/div><p>kostenlos und unverbindlich benutzen. Die Ergebnisse und Erkl\u00e4rungen k\u00f6nnen Sie per copy and paste f\u00fcr eigene Schrifts\u00e4tze verwenden. Verbesserungsvorschl\u00e4ge nehmen wir gerne per E-Mail <a href=\"mailto:roemer@ra-roemer.de?subject=Pf%C3%A4ndungsrechner\">roemer@ra-roemer.de<\/a> entgegen. Die Benutzung erfolgt auf eigenes Risiko. Wir bitten um Verst\u00e4ndnis, dass keine Gew\u00e4hr \u00fcbernommen werden kann.<\/p>\t\t\t\t\t\t\t\t<\/div>\n\t\t\t\t\t<\/div>\n\t\t\t\t<\/div>\n\t\t<div class=\"elementor-element elementor-element-4e1febc e-flex e-con-boxed e-con e-parent\" data-id=\"4e1febc\" data-element_type=\"container\" data-e-type=\"container\">\n\t\t\t\t\t<div class=\"e-con-inner\">\n\t\t\t\t<div class=\"elementor-element elementor-element-65ef91c elementor-widget elementor-widget-text-editor\" data-id=\"65ef91c\" data-element_type=\"widget\" data-e-type=\"widget\" data-settings=\"{&quot;_animation&quot;:&quot;none&quot;}\" data-widget_type=\"text-editor.default\">\n\t\t\t\t\t\t\t\t\t<p style=\"text-align: center;\">Sie k\u00f6nnen diese Seite auch (weitergeleitet) \u00fcber <a href=\"http:\/\/pfaendungsbetrag.de\/\" target=\"_blank\" rel=\"noopener\">pfaendungsbetrag.de<\/a> oder <a href=\"http:\/\/pf\u00e4ndungsbetrag.de\/\" target=\"_blank\" rel=\"noopener\">pf\u00e4ndungsbetrag.de<\/a> aufrufen. In Suchmaschinen finden Sie den Pf\u00e4ndungsrechner u. a. mit den Stichworten: <em>R\u00f6mer Pf\u00e4ndungsrechner<\/em><\/p>\t\t\t\t\t\t\t\t<\/div>\n\t\t\t\t\t<\/div>\n\t\t\t\t<\/div>\n\t\t\t\t<\/div>\n\t\t","protected":false},"excerpt":{"rendered":"<p>Pf\u00e4ndungsrechner Der seit 2013 auf der Homepage der nun beendeten Rechtsanwalts-Partnergesellschaft &#8222;R\u00f6mer &amp; Partner&#8220; ver\u00f6ffentlichte Pf\u00e4ndungsrechner mit Zwischenwerten bei teilweise [&hellip;]<\/p>\n","protected":false},"author":1,"featured_media":0,"parent":0,"menu_order":4,"comment_status":"closed","ping_status":"closed","template":"","meta":{"site-sidebar-layout":"no-sidebar","site-content-layout":"","ast-site-content-layout":"full-width-container","site-content-style":"default","site-sidebar-style":"default","ast-global-header-display":"","ast-banner-title-visibility":"","ast-main-header-display":"","ast-hfb-above-header-display":"","ast-hfb-below-header-display":"","ast-hfb-mobile-header-display":"","site-post-title":"","ast-breadcrumbs-content":"","ast-featured-img":"disabled","footer-sml-layout":"","ast-disable-related-posts":"","theme-transparent-header-meta":"","adv-header-id-meta":"","stick-header-meta":"","header-above-stick-meta":"","header-main-stick-meta":"","header-below-stick-meta":"","astra-migrate-meta-layouts":"default","ast-page-background-enabled":"default","ast-page-background-meta":{"desktop":{"background-color":"var(--ast-global-color-5)","background-image":"","background-repeat":"repeat","background-position":"center center","background-size":"auto","background-attachment":"scroll","background-type":"","background-media":"","overlay-type":"","overlay-color":"","overlay-opacity":"","overlay-gradient":""},"tablet":{"background-color":"","background-image":"","background-repeat":"repeat","background-position":"center center","background-size":"auto","background-attachment":"scroll","background-type":"","background-media":"","overlay-type":"","overlay-color":"","overlay-opacity":"","overlay-gradient":""},"mobile":{"background-color":"","background-image":"","background-repeat":"repeat","background-position":"center center","background-size":"auto","background-attachment":"scroll","background-type":"","background-media":"","overlay-type":"","overlay-color":"","overlay-opacity":"","overlay-gradient":""}},"ast-content-background-meta":{"desktop":{"background-color":"var(--ast-global-color-4)","background-image":"","background-repeat":"repeat","background-position":"center center","background-size":"auto","background-attachment":"scroll","background-type":"","background-media":"","overlay-type":"","overlay-color":"","overlay-opacity":"","overlay-gradient":""},"tablet":{"background-color":"var(--ast-global-color-4)","background-image":"","background-repeat":"repeat","background-position":"center center","background-size":"auto","background-attachment":"scroll","background-type":"","background-media":"","overlay-type":"","overlay-color":"","overlay-opacity":"","overlay-gradient":""},"mobile":{"background-color":"var(--ast-global-color-4)","background-image":"","background-repeat":"repeat","background-position":"center center","background-size":"auto","background-attachment":"scroll","background-type":"","background-media":"","overlay-type":"","overlay-color":"","overlay-opacity":"","overlay-gradient":""}},"footnotes":""},"class_list":["post-395","page","type-page","status-publish","hentry"],"_links":{"self":[{"href":"https:\/\/ra-roemer.de\/wp-json\/wp\/v2\/pages\/395","targetHints":{"allow":["GET"]}}],"collection":[{"href":"https:\/\/ra-roemer.de\/wp-json\/wp\/v2\/pages"}],"about":[{"href":"https:\/\/ra-roemer.de\/wp-json\/wp\/v2\/types\/page"}],"author":[{"embeddable":true,"href":"https:\/\/ra-roemer.de\/wp-json\/wp\/v2\/users\/1"}],"replies":[{"embeddable":true,"href":"https:\/\/ra-roemer.de\/wp-json\/wp\/v2\/comments?post=395"}],"version-history":[{"count":145,"href":"https:\/\/ra-roemer.de\/wp-json\/wp\/v2\/pages\/395\/revisions"}],"predecessor-version":[{"id":1605,"href":"https:\/\/ra-roemer.de\/wp-json\/wp\/v2\/pages\/395\/revisions\/1605"}],"wp:attachment":[{"href":"https:\/\/ra-roemer.de\/wp-json\/wp\/v2\/media?parent=395"}],"curies":[{"name":"wp","href":"https:\/\/api.w.org\/{rel}","templated":true}]}}